{"id":15,"date":"2022-01-27T10:19:52","date_gmt":"2022-01-27T07:19:52","guid":{"rendered":"https:\/\/euhr.bilkent.edu.tr\/?page_id=15"},"modified":"2025-01-30T16:07:42","modified_gmt":"2025-01-30T13:07:42","slug":"contact","status":"publish","type":"page","link":"https:\/\/euhr.bilkent.edu.tr\/?page_id=15","title":{"rendered":"Talk Series: The Rights Side"},"content":{"rendered":"\n<div data-wp-interactive=\"core\/file\" class=\"wp-block-file\"><object data-wp-bind--hidden=\"!state.hasPdfPreview\" hidden class=\"wp-block-file__embed\" data=\"https:\/\/euhr.bilkent.edu.tr\/wp-content\/uploads\/2025\/01\/HEMPA.pdf\" type=\"application\/pdf\" style=\"width:100%;height:600px\" aria-label=\"HEMPA g\u00f6m\u00fcs\u00fc.\"><\/object><a id=\"wp-block-file--media-b36a3d38-736a-4ff8-a894-9cd851f6ec22\" href=\"https:\/\/euhr.bilkent.edu.tr\/wp-content\/uploads\/2025\/01\/HEMPA.pdf\">HEMPA<\/a><a href=\"https:\/\/euhr.bilkent.edu.tr\/wp-content\/uploads\/2025\/01\/HEMPA.pdf\" class=\"wp-block-file__button wp-element-button\" download aria-describedby=\"wp-block-file--media-b36a3d38-736a-4ff8-a894-9cd851f6ec22\">\u0130ndir<\/a><\/div>\n\n\n\n<figure class=\"wp-block-image size-full\"><img loading=\"lazy\" decoding=\"async\" width=\"878\" height=\"894\" src=\"https:\/\/euhr.bilkent.edu.tr\/wp-content\/uploads\/2025\/01\/CF089CDF-63D9-4F91-B125-0EAA60A2F063_1_105_c.jpeg\" alt=\"\" class=\"wp-image-174\" srcset=\"https:\/\/euhr.bilkent.edu.tr\/wp-content\/uploads\/2025\/01\/CF089CDF-63D9-4F91-B125-0EAA60A2F063_1_105_c.jpeg 878w, https:\/\/euhr.bilkent.edu.tr\/wp-content\/uploads\/2025\/01\/CF089CDF-63D9-4F91-B125-0EAA60A2F063_1_105_c-295x300.jpeg 295w, https:\/\/euhr.bilkent.edu.tr\/wp-content\/uploads\/2025\/01\/CF089CDF-63D9-4F91-B125-0EAA60A2F063_1_105_c-768x782.jpeg 768w\" sizes=\"auto, (max-width: 878px) 100vw, 878px\" \/><\/figure>\n\n\n\n<figure class=\"wp-block-image size-large\"><img loading=\"lazy\" decoding=\"async\" width=\"724\" height=\"1024\" src=\"https:\/\/euhr.bilkent.edu.tr\/wp-content\/uploads\/2025\/01\/8.Konusma-Serisi_Poster_Ms.-Elif-Saraydn_Yeni-Logo-724x1024.png\" alt=\"\" class=\"wp-image-173\" srcset=\"https:\/\/euhr.bilkent.edu.tr\/wp-content\/uploads\/2025\/01\/8.Konusma-Serisi_Poster_Ms.-Elif-Saraydn_Yeni-Logo-724x1024.png 724w, https:\/\/euhr.bilkent.edu.tr\/wp-content\/uploads\/2025\/01\/8.Konusma-Serisi_Poster_Ms.-Elif-Saraydn_Yeni-Logo-212x300.png 212w, https:\/\/euhr.bilkent.edu.tr\/wp-content\/uploads\/2025\/01\/8.Konusma-Serisi_Poster_Ms.-Elif-Saraydn_Yeni-Logo-768x1086.png 768w, https:\/\/euhr.bilkent.edu.tr\/wp-content\/uploads\/2025\/01\/8.Konusma-Serisi_Poster_Ms.-Elif-Saraydn_Yeni-Logo-1086x1536.png 1086w, https:\/\/euhr.bilkent.edu.tr\/wp-content\/uploads\/2025\/01\/8.Konusma-Serisi_Poster_Ms.-Elif-Saraydn_Yeni-Logo-1448x2048.png 1448w, https:\/\/euhr.bilkent.edu.tr\/wp-content\/uploads\/2025\/01\/8.Konusma-Serisi_Poster_Ms.-Elif-Saraydn_Yeni-Logo.png 1587w\" sizes=\"auto, (max-width: 724px) 100vw, 724px\" \/><\/figure>\n\n\n\n<figure class=\"wp-block-image size-large\"><img loading=\"lazy\" decoding=\"async\" width=\"724\" height=\"1024\" src=\"https:\/\/euhr.bilkent.edu.tr\/wp-content\/uploads\/2025\/01\/7.Konusma-Serisi_Poster_Henning_Yeni-Logo-724x1024.png\" alt=\"\" class=\"wp-image-172\" srcset=\"https:\/\/euhr.bilkent.edu.tr\/wp-content\/uploads\/2025\/01\/7.Konusma-Serisi_Poster_Henning_Yeni-Logo-724x1024.png 724w, https:\/\/euhr.bilkent.edu.tr\/wp-content\/uploads\/2025\/01\/7.Konusma-Serisi_Poster_Henning_Yeni-Logo-212x300.png 212w, https:\/\/euhr.bilkent.edu.tr\/wp-content\/uploads\/2025\/01\/7.Konusma-Serisi_Poster_Henning_Yeni-Logo-768x1086.png 768w, https:\/\/euhr.bilkent.edu.tr\/wp-content\/uploads\/2025\/01\/7.Konusma-Serisi_Poster_Henning_Yeni-Logo-1086x1536.png 1086w, https:\/\/euhr.bilkent.edu.tr\/wp-content\/uploads\/2025\/01\/7.Konusma-Serisi_Poster_Henning_Yeni-Logo-1448x2048.png 1448w, https:\/\/euhr.bilkent.edu.tr\/wp-content\/uploads\/2025\/01\/7.Konusma-Serisi_Poster_Henning_Yeni-Logo.png 1587w\" sizes=\"auto, (max-width: 724px) 100vw, 724px\" \/><\/figure>\n\n\n\n<figure class=\"wp-block-image size-large\"><img loading=\"lazy\" decoding=\"async\" width=\"724\" height=\"1024\" src=\"https:\/\/euhr.bilkent.edu.tr\/wp-content\/uploads\/2025\/01\/6.Konusma-Serisi_Poster_Erdogan-Iscan_Yeni-Logo-724x1024.png\" alt=\"\" class=\"wp-image-171\" srcset=\"https:\/\/euhr.bilkent.edu.tr\/wp-content\/uploads\/2025\/01\/6.Konusma-Serisi_Poster_Erdogan-Iscan_Yeni-Logo-724x1024.png 724w, https:\/\/euhr.bilkent.edu.tr\/wp-content\/uploads\/2025\/01\/6.Konusma-Serisi_Poster_Erdogan-Iscan_Yeni-Logo-212x300.png 212w, https:\/\/euhr.bilkent.edu.tr\/wp-content\/uploads\/2025\/01\/6.Konusma-Serisi_Poster_Erdogan-Iscan_Yeni-Logo-768x1086.png 768w, https:\/\/euhr.bilkent.edu.tr\/wp-content\/uploads\/2025\/01\/6.Konusma-Serisi_Poster_Erdogan-Iscan_Yeni-Logo-1086x1536.png 1086w, https:\/\/euhr.bilkent.edu.tr\/wp-content\/uploads\/2025\/01\/6.Konusma-Serisi_Poster_Erdogan-Iscan_Yeni-Logo-1448x2048.png 1448w, https:\/\/euhr.bilkent.edu.tr\/wp-content\/uploads\/2025\/01\/6.Konusma-Serisi_Poster_Erdogan-Iscan_Yeni-Logo.png 1587w\" sizes=\"auto, (max-width: 724px) 100vw, 724px\" \/><\/figure>\n\n\n\n<figure class=\"wp-block-image size-large\"><img loading=\"lazy\" decoding=\"async\" width=\"724\" height=\"1024\" src=\"https:\/\/euhr.bilkent.edu.tr\/wp-content\/uploads\/2025\/01\/5.Konusma-Serisi_Poster_Adrian-ZenzRushan-Abbas_Yeni-Logo-724x1024.png\" alt=\"\" class=\"wp-image-170\" srcset=\"https:\/\/euhr.bilkent.edu.tr\/wp-content\/uploads\/2025\/01\/5.Konusma-Serisi_Poster_Adrian-ZenzRushan-Abbas_Yeni-Logo-724x1024.png 724w, https:\/\/euhr.bilkent.edu.tr\/wp-content\/uploads\/2025\/01\/5.Konusma-Serisi_Poster_Adrian-ZenzRushan-Abbas_Yeni-Logo-212x300.png 212w, https:\/\/euhr.bilkent.edu.tr\/wp-content\/uploads\/2025\/01\/5.Konusma-Serisi_Poster_Adrian-ZenzRushan-Abbas_Yeni-Logo-768x1086.png 768w, https:\/\/euhr.bilkent.edu.tr\/wp-content\/uploads\/2025\/01\/5.Konusma-Serisi_Poster_Adrian-ZenzRushan-Abbas_Yeni-Logo-1086x1536.png 1086w, https:\/\/euhr.bilkent.edu.tr\/wp-content\/uploads\/2025\/01\/5.Konusma-Serisi_Poster_Adrian-ZenzRushan-Abbas_Yeni-Logo-1448x2048.png 1448w, https:\/\/euhr.bilkent.edu.tr\/wp-content\/uploads\/2025\/01\/5.Konusma-Serisi_Poster_Adrian-ZenzRushan-Abbas_Yeni-Logo.png 1587w\" sizes=\"auto, (max-width: 724px) 100vw, 724px\" \/><\/figure>\n\n\n\n<figure class=\"wp-block-image size-large\"><img loading=\"lazy\" decoding=\"async\" width=\"724\" height=\"1024\" src=\"https:\/\/euhr.bilkent.edu.tr\/wp-content\/uploads\/2025\/01\/4.Ingilizce_Konusma-Serisi_Poster_Selin-Akyuz_Yeni-Logo-724x1024.png\" alt=\"\" class=\"wp-image-169\" srcset=\"https:\/\/euhr.bilkent.edu.tr\/wp-content\/uploads\/2025\/01\/4.Ingilizce_Konusma-Serisi_Poster_Selin-Akyuz_Yeni-Logo-724x1024.png 724w, https:\/\/euhr.bilkent.edu.tr\/wp-content\/uploads\/2025\/01\/4.Ingilizce_Konusma-Serisi_Poster_Selin-Akyuz_Yeni-Logo-212x300.png 212w, https:\/\/euhr.bilkent.edu.tr\/wp-content\/uploads\/2025\/01\/4.Ingilizce_Konusma-Serisi_Poster_Selin-Akyuz_Yeni-Logo-768x1086.png 768w, https:\/\/euhr.bilkent.edu.tr\/wp-content\/uploads\/2025\/01\/4.Ingilizce_Konusma-Serisi_Poster_Selin-Akyuz_Yeni-Logo-1086x1536.png 1086w, https:\/\/euhr.bilkent.edu.tr\/wp-content\/uploads\/2025\/01\/4.Ingilizce_Konusma-Serisi_Poster_Selin-Akyuz_Yeni-Logo-1448x2048.png 1448w, https:\/\/euhr.bilkent.edu.tr\/wp-content\/uploads\/2025\/01\/4.Ingilizce_Konusma-Serisi_Poster_Selin-Akyuz_Yeni-Logo.png 1587w\" sizes=\"auto, (max-width: 724px) 100vw, 724px\" \/><\/figure>\n\n\n\n<figure class=\"wp-block-image size-large\"><img loading=\"lazy\" decoding=\"async\" width=\"724\" height=\"1024\" src=\"https:\/\/euhr.bilkent.edu.tr\/wp-content\/uploads\/2025\/01\/3.Ingilizce_Konusma-Serisi_Poster_Ozge-Mumcu_Yeni-Logo-724x1024.png\" alt=\"\" class=\"wp-image-168\" srcset=\"https:\/\/euhr.bilkent.edu.tr\/wp-content\/uploads\/2025\/01\/3.Ingilizce_Konusma-Serisi_Poster_Ozge-Mumcu_Yeni-Logo-724x1024.png 724w, https:\/\/euhr.bilkent.edu.tr\/wp-content\/uploads\/2025\/01\/3.Ingilizce_Konusma-Serisi_Poster_Ozge-Mumcu_Yeni-Logo-212x300.png 212w, https:\/\/euhr.bilkent.edu.tr\/wp-content\/uploads\/2025\/01\/3.Ingilizce_Konusma-Serisi_Poster_Ozge-Mumcu_Yeni-Logo-768x1086.png 768w, https:\/\/euhr.bilkent.edu.tr\/wp-content\/uploads\/2025\/01\/3.Ingilizce_Konusma-Serisi_Poster_Ozge-Mumcu_Yeni-Logo-1086x1536.png 1086w, https:\/\/euhr.bilkent.edu.tr\/wp-content\/uploads\/2025\/01\/3.Ingilizce_Konusma-Serisi_Poster_Ozge-Mumcu_Yeni-Logo-1448x2048.png 1448w, https:\/\/euhr.bilkent.edu.tr\/wp-content\/uploads\/2025\/01\/3.Ingilizce_Konusma-Serisi_Poster_Ozge-Mumcu_Yeni-Logo.png 1587w\" sizes=\"auto, (max-width: 724px) 100vw, 724px\" \/><\/figure>\n\n\n\n<figure class=\"wp-block-image size-large\"><img loading=\"lazy\" decoding=\"async\" width=\"724\" height=\"1024\" src=\"https:\/\/euhr.bilkent.edu.tr\/wp-content\/uploads\/2025\/01\/2.Konusma-Serisi_Poster_2_Yeni-Logo-724x1024.png\" alt=\"\" class=\"wp-image-167\" srcset=\"https:\/\/euhr.bilkent.edu.tr\/wp-content\/uploads\/2025\/01\/2.Konusma-Serisi_Poster_2_Yeni-Logo-724x1024.png 724w, https:\/\/euhr.bilkent.edu.tr\/wp-content\/uploads\/2025\/01\/2.Konusma-Serisi_Poster_2_Yeni-Logo-212x300.png 212w, https:\/\/euhr.bilkent.edu.tr\/wp-content\/uploads\/2025\/01\/2.Konusma-Serisi_Poster_2_Yeni-Logo-768x1086.png 768w, https:\/\/euhr.bilkent.edu.tr\/wp-content\/uploads\/2025\/01\/2.Konusma-Serisi_Poster_2_Yeni-Logo-1086x1536.png 1086w, https:\/\/euhr.bilkent.edu.tr\/wp-content\/uploads\/2025\/01\/2.Konusma-Serisi_Poster_2_Yeni-Logo-1448x2048.png 1448w, https:\/\/euhr.bilkent.edu.tr\/wp-content\/uploads\/2025\/01\/2.Konusma-Serisi_Poster_2_Yeni-Logo.png 1587w\" sizes=\"auto, (max-width: 724px) 100vw, 724px\" \/><\/figure>\n\n\n\n<figure class=\"wp-block-image size-large\"><img loading=\"lazy\" decoding=\"async\" width=\"724\" height=\"1024\" src=\"https:\/\/euhr.bilkent.edu.tr\/wp-content\/uploads\/2025\/01\/1.Konusma-Serisi_Basak-Cal_Yeni-Logo-724x1024.png\" alt=\"\" class=\"wp-image-166\" srcset=\"https:\/\/euhr.bilkent.edu.tr\/wp-content\/uploads\/2025\/01\/1.Konusma-Serisi_Basak-Cal_Yeni-Logo-724x1024.png 724w, https:\/\/euhr.bilkent.edu.tr\/wp-content\/uploads\/2025\/01\/1.Konusma-Serisi_Basak-Cal_Yeni-Logo-212x300.png 212w, https:\/\/euhr.bilkent.edu.tr\/wp-content\/uploads\/2025\/01\/1.Konusma-Serisi_Basak-Cal_Yeni-Logo-768x1086.png 768w, https:\/\/euhr.bilkent.edu.tr\/wp-content\/uploads\/2025\/01\/1.Konusma-Serisi_Basak-Cal_Yeni-Logo-1086x1536.png 1086w, https:\/\/euhr.bilkent.edu.tr\/wp-content\/uploads\/2025\/01\/1.Konusma-Serisi_Basak-Cal_Yeni-Logo-1448x2048.png 1448w, https:\/\/euhr.bilkent.edu.tr\/wp-content\/uploads\/2025\/01\/1.Konusma-Serisi_Basak-Cal_Yeni-Logo.png 1587w\" sizes=\"auto, (max-width: 724px) 100vw, 724px\" \/><\/figure>\n\n\n\n<h2 class=\"wp-block-heading\"><\/h2>\n\n\n\n<p><\/p>\n","protected":false},"excerpt":{"rendered":"","protected":false},"author":1,"featured_media":0,"parent":0,"menu_order":0,"comment_status":"closed","ping_status":"closed","template":"","meta":{"footnotes":""},"class_list":["post-15","page","type-page","status-publish","hentry"],"_links":{"self":[{"href":"https:\/\/euhr.bilkent.edu.tr\/index.php?rest_route=\/wp\/v2\/pages\/15","targetHints":{"allow":["GET"]}}],"collection":[{"href":"https:\/\/euhr.bilkent.edu.tr\/index.php?rest_route=\/wp\/v2\/pages"}],"about":[{"href":"https:\/\/euhr.bilkent.edu.tr\/index.php?rest_route=\/wp\/v2\/types\/page"}],"author":[{"embeddable":true,"href":"https:\/\/euhr.bilkent.edu.tr\/index.php?rest_route=\/wp\/v2\/users\/1"}],"replies":[{"embeddable":true,"href":"https:\/\/euhr.bilkent.edu.tr\/index.php?rest_route=%2Fwp%2Fv2%2Fcomments&post=15"}],"version-history":[{"count":9,"href":"https:\/\/euhr.bilkent.edu.tr\/index.php?rest_route=\/wp\/v2\/pages\/15\/revisions"}],"predecessor-version":[{"id":176,"href":"https:\/\/euhr.bilkent.edu.tr\/index.php?rest_route=\/wp\/v2\/pages\/15\/revisions\/176"}],"wp:attachment":[{"href":"https:\/\/euhr.bilkent.edu.tr\/index.php?rest_route=%2Fwp%2Fv2%2Fmedia&parent=15"}],"curies":[{"name":"wp","href":"https:\/\/api.w.org\/{rel}","templated":true}]}}