{"id":182,"date":"2025-03-16T21:45:57","date_gmt":"2025-03-16T18:45:57","guid":{"rendered":"https:\/\/euhr.bilkent.edu.tr\/?page_id=182"},"modified":"2025-03-16T22:10:36","modified_gmt":"2025-03-16T19:10:36","slug":"tugba-bayar","status":"publish","type":"page","link":"https:\/\/euhr.bilkent.edu.tr\/?page_id=182","title":{"rendered":"Tu\u011fba Bayar"},"content":{"rendered":"\n<div class=\"wp-block-media-text is-stacked-on-mobile\" style=\"grid-template-columns:18% auto\"><figure class=\"wp-block-media-text__media\"><img loading=\"lazy\" decoding=\"async\" width=\"576\" height=\"1024\" src=\"https:\/\/euhr.bilkent.edu.tr\/wp-content\/uploads\/2025\/03\/CA492D49-7637-4F36-BFA4-F0A90FE4B68B_1_105_c-576x1024.jpeg\" alt=\"\" class=\"wp-image-185 size-full\" srcset=\"https:\/\/euhr.bilkent.edu.tr\/wp-content\/uploads\/2025\/03\/CA492D49-7637-4F36-BFA4-F0A90FE4B68B_1_105_c-576x1024.jpeg 576w, https:\/\/euhr.bilkent.edu.tr\/wp-content\/uploads\/2025\/03\/CA492D49-7637-4F36-BFA4-F0A90FE4B68B_1_105_c-169x300.jpeg 169w, https:\/\/euhr.bilkent.edu.tr\/wp-content\/uploads\/2025\/03\/CA492D49-7637-4F36-BFA4-F0A90FE4B68B_1_105_c.jpeg 665w\" sizes=\"auto, (max-width: 576px) 100vw, 576px\" \/><\/figure><div class=\"wp-block-media-text__content\">\n<p>I am an instructor of\u00a0International Relations at Bilkent University, Ankara, Turkey. My core research area is international regimes with a specific focus on international law and human rights. In terms of regional expertise, I have published on Turkey, Iran (MENA) and the European Union. My research has been published in journals such as\u00a0All Azimuth, Turkish Studies, Southeast European and Black Sea Studies, and Global Governance. I have received national and internaitonal research grants from T\u00dcB\u0130TAK3501 program, European Commission&#8217;s Jean Monnet Module Grant, and T\u00dcB\u0130TAK1001 grant. At Bilkent University I have been teaching courses such as international public law, international organizations, international and European protection of human rights, middle eastern politics.<\/p>\n<\/div><\/div>\n\n\n\n<div class=\"wp-block-columns is-layout-flex wp-container-core-columns-is-layout-1 wp-block-columns-is-layout-flex\">\n<div class=\"wp-block-column is-layout-flow wp-block-column-is-layout-flow\" style=\"flex-basis:100%\"><\/div>\n<\/div>\n\n\n\n<p>CV<\/p>\n\n\n\n<div data-wp-interactive=\"core\/file\" class=\"wp-block-file\"><object data-wp-bind--hidden=\"!state.hasPdfPreview\" hidden class=\"wp-block-file__embed\" data=\"https:\/\/euhr.bilkent.edu.tr\/wp-content\/uploads\/2025\/03\/CV-Tugba-Bayar-1.pdf\" type=\"application\/pdf\" style=\"width:100%;height:600px\" aria-label=\"CV Tu\u011fba Bayar g\u00f6m\u00fcs\u00fc.\"><\/object><a id=\"wp-block-file--media-a7cdf2c8-815d-4a32-bbac-b83b9aff0129\" href=\"https:\/\/euhr.bilkent.edu.tr\/wp-content\/uploads\/2025\/03\/CV-Tugba-Bayar-1.pdf\">CV Tu\u011fba Bayar<\/a><a href=\"https:\/\/euhr.bilkent.edu.tr\/wp-content\/uploads\/2025\/03\/CV-Tugba-Bayar-1.pdf\" class=\"wp-block-file__button wp-element-button\" download aria-describedby=\"wp-block-file--media-a7cdf2c8-815d-4a32-bbac-b83b9aff0129\">\u0130ndir<\/a><\/div>\n","protected":false},"excerpt":{"rendered":"<p>I am an instructor of\u00a0International Relations at Bilkent University, Ankara, Turkey. My core research area is international regimes with a specific focus on international law [&hellip;]<\/p>\n","protected":false},"author":1,"featured_media":0,"parent":0,"menu_order":0,"comment_status":"closed","ping_status":"closed","template":"","meta":{"footnotes":""},"class_list":["post-182","page","type-page","status-publish","hentry"],"_links":{"self":[{"href":"https:\/\/euhr.bilkent.edu.tr\/index.php?rest_route=\/wp\/v2\/pages\/182","targetHints":{"allow":["GET"]}}],"collection":[{"href":"https:\/\/euhr.bilkent.edu.tr\/index.php?rest_route=\/wp\/v2\/pages"}],"about":[{"href":"https:\/\/euhr.bilkent.edu.tr\/index.php?rest_route=\/wp\/v2\/types\/page"}],"author":[{"embeddable":true,"href":"https:\/\/euhr.bilkent.edu.tr\/index.php?rest_route=\/wp\/v2\/users\/1"}],"replies":[{"embeddable":true,"href":"https:\/\/euhr.bilkent.edu.tr\/index.php?rest_route=%2Fwp%2Fv2%2Fcomments&post=182"}],"version-history":[{"count":9,"href":"https:\/\/euhr.bilkent.edu.tr\/index.php?rest_route=\/wp\/v2\/pages\/182\/revisions"}],"predecessor-version":[{"id":195,"href":"https:\/\/euhr.bilkent.edu.tr\/index.php?rest_route=\/wp\/v2\/pages\/182\/revisions\/195"}],"wp:attachment":[{"href":"https:\/\/euhr.bilkent.edu.tr\/index.php?rest_route=%2Fwp%2Fv2%2Fmedia&parent=182"}],"curies":[{"name":"wp","href":"https:\/\/api.w.org\/{rel}","templated":true}]}}